{"id":4339,"date":"2023-10-18T15:08:55","date_gmt":"2023-10-18T15:08:55","guid":{"rendered":"https:\/\/www.aithon.co.uk\/?page_id=2860"},"modified":"2025-12-17T14:07:21","modified_gmt":"2025-12-17T14:07:21","slug":"legno-lamellare-e-xlam-clt","status":"publish","type":"page","link":"https:\/\/www.aithon.it\/en\/legno-lamellare-e-xlam-clt\/","title":{"rendered":"Legno Lamellare e X-LAM (CLT)"},"content":{"rendered":"<div id=\"pl-4339\"  class=\"panel-layout\" ><div id=\"pg-4339-0\"  class=\"panel-grid panel-has-style\" ><div class=\"siteorigin-panels-stretch panel-row-style panel-row-style-for-4339-0\" data-stretch-type=\"full-width-stretch\" ><div id=\"pgc-4339-0-0\"  class=\"panel-grid-cell panel-grid-cell-empty\" ><\/div><\/div><\/div><div id=\"pg-4339-1\"  class=\"panel-grid panel-has-style\" ><div class=\"siteorigin-panels-stretch panel-row-style panel-row-style-for-4339-1\" data-stretch-type=\"full\" ><div id=\"pgc-4339-1-0\"  class=\"panel-grid-cell\" ><div id=\"panel-4339-1-0-0\" class=\"so-panel widget widget_sow-headline panel-first-child\" data-index=\"0\" ><div\n\t\t\t\n\t\t\tclass=\"so-widget-sow-headline so-widget-sow-headline-default-d8af1c9de966-4339\"\n\t\t\t\n\t\t><div class=\"sow-headline-container\">\n\t\t\t\t\t\t\t<h2 class=\"sow-headline\">\n\t\t\t\t\t\tSoluzione Strutturale Innovativa\t\t\t\t\t\t<\/h2>\n\t\t\t\t\t\t\t\t\t\t\t\t<h3 class=\"sow-sub-headline\">\n\t\t\t\t\t\tIl Futuro delle Costruzioni: Leggero, Resistente ed Ecosostenibile\t\t\t\t\t\t<\/h3>\n\t\t\t\t\t\t<\/div>\n<\/div><\/div><div id=\"panel-4339-1-0-1\" class=\"so-panel widget widget_sow-editor panel-last-child\" data-index=\"1\" ><div\n\t\t\t\n\t\t\tclass=\"so-widget-sow-editor so-widget-sow-editor-base\"\n\t\t\t\n\t\t>\n<div class=\"siteorigin-widget-tinymce textwidget\">\n\t<p data-start=\"48\" data-end=\"381\"><strong data-start=\"48\" data-end=\"87\">X-LAM<\/strong>, noto come Cross\u2011Laminated Timber \u00a0<strong data-start=\"48\" data-end=\"87\">(CLT)<\/strong>, \u00e8 un innovativo pannello in legno ingegnerizzato, composto da pi\u00f9 strati di tavole sovrapposte in modo incrociato e incollate con adesivi strutturali. Questa configurazione conferisce al CLT un\u2019elevata resistenza, stabilit\u00e0 e rigidit\u00e0, rendendolo ideale per pareti portanti, solai e coperture.<\/p>\n<p data-start=\"383\" data-end=\"721\">Apprezzato per la sua <strong>sostenibilit\u00e0<\/strong>, <strong>leggerezza<\/strong> e ottime <strong>prestazioni termiche<\/strong> e <strong>acustiche<\/strong>, il CLT offre anche <strong>eccellenti prestazioni antisismiche<\/strong>. La combinazione di peso ridotto e alta resistenza consente di dissipare efficacemente l\u2019energia sismica, rendendolo una scelta sicura e affidabile per le costruzioni in aree soggette a terremoti.<\/p>\n<p data-start=\"723\" data-end=\"1038\">Il CLT permette una prefabbricazione rapida e precisa, perch\u00e9 \u00e8 un materiale ingegnerizzato che consente un controllo accurato durante la produzione. Il montaggio in cantiere risulta quindi molto efficiente. La sua versatilit\u00e0 progettuale offre numerosi vantaggi agli architetti e agli ingegneri, perch\u00e9 permette di realizzare edifici di media e grande altezza con una ridotta impronta di carbonio. Tuttavia, \u00e8 importante bilanciare le esigenze estetiche con quelle strutturali; il CLT si dimostra particolarmente adatto in questo senso, perch\u00e9 coniuga estetica moderna ed efficienza strutturale.<\/p>\n<p style=\"text-align: left;\" data-start=\"420\" data-end=\"743\"><img loading=\"lazy\" decoding=\"async\" class=\"aligncenter wp-image-3886\" src=\"https:\/\/www.aithon.co.uk\/wp-content\/uploads\/2024\/09\/Selection-300x225.jpg\" alt=\"CLT wood panel \" width=\"577\" height=\"433\" \/><\/p>\n<\/div>\n<\/div><\/div><\/div><div id=\"pgc-4339-1-1\"  class=\"panel-grid-cell\" ><div id=\"panel-4339-1-1-0\" class=\"so-panel widget widget_sow-headline panel-first-child\" data-index=\"2\" ><div\n\t\t\t\n\t\t\tclass=\"so-widget-sow-headline so-widget-sow-headline-default-e09590a94cd6-4339\"\n\t\t\t\n\t\t><div class=\"sow-headline-container\">\n\t\t\t\t\t\t\t<h3 class=\"sow-headline\">\n\t\t\t\t\t\tI Nostri Prodotti specificatamente formulati per legno lamellare e X-LAM\t\t\t\t\t\t<\/h3>\n\t\t\t\t\t\t<\/div>\n<\/div><\/div><div id=\"panel-4339-1-1-1\" class=\"so-panel widget widget_sow-editor panel-last-child\" data-index=\"3\" ><div\n\t\t\t\n\t\t\tclass=\"so-widget-sow-editor so-widget-sow-editor-base\"\n\t\t\t\n\t\t>\n<div class=\"siteorigin-widget-tinymce textwidget\">\n\t<p data-start=\"118\" data-end=\"176\"><strong><a href=\"https:\/\/www.aithon.co.uk\/aithon-products\/b-s1-d0-in-one-coat\/\"><span style=\"text-decoration: underline;\">AITHON ATR24<\/span><\/a> \u2013 <a href=\"https:\/\/www.aithon.it\/en\/prodotti\/b-s1-d0-in-mano-unica\/\">Vernice Trasparente Intumescente\u00a0per CLT<\/a><\/strong><\/p>\n<ul>\n<li>Reazione al fuoco B-s1-d0 classificata su CLT<\/li>\n<li>Finitura trasparente opaca che preserva l\u2019aspetto naturale del legno<\/li>\n<li>Applicazione in una sola mano \u2013 non necessita di primer n\u00e9 di finitura<\/li>\n<li>Facile da applicare, anche in verticale (fino a 300 g\/m\u00b2 per mano)<\/li>\n<li>Formula a base d\u2019acqua, basso contenuto di COV (&lt;0,8%), classe A+ di emissioni in aria (ISO 16000)<\/li>\n<li>Conforme alla Tassonomia UE, BREEM Exemplary e AgBB<\/li>\n<li>Priva di alogeni, priva di<a href=\"https:\/\/www.aithon.it\/en\/melammina-e-cancerogeno-di-categoria-2\/\"> <span style=\"text-decoration: underline;\">melammina<\/span><\/a> e di sostanze CMR \u2013 completamente priva di sostanze pericolose<\/li>\n<\/ul>\n<p>&nbsp;<\/p>\n<p data-start=\"125\" data-end=\"195\"><strong data-start=\"129\" data-end=\"195\"><a href=\"https:\/\/www.aithon.co.uk\/aithon-products\/r60-fire-resistance-for-timber\/\"><span style=\"text-decoration: underline;\">AITHON PV33<\/span><\/a> \u2013 Fino a 60 minuti di resistenza al fuoco su legno lamellare\u00a0<\/strong><\/p>\n<ul>\n<li data-start=\"125\" data-end=\"195\">Aumenta la resistenza al fuoco del legno strutturale fino a 60 minuti<\/li>\n<li>Reazione al fuoco B-s1-d0 classificata su CLT<\/li>\n<li data-start=\"125\" data-end=\"195\">Estremamente trasparente, anche ad alto spessore \u2013 nessun effetto lattiginoso<\/li>\n<li>Compatibile con mordenti all\u2019acqua per legno<\/li>\n<li data-start=\"125\" data-end=\"195\">Finiture certificate: effetto cera naturale sia a base acqua che a base solvente<\/li>\n<li data-start=\"125\" data-end=\"195\">A base d\u2019acqua, basso contenuto di COV, classe A per le emissioni in aria (ISO 16000)<\/li>\n<li data-start=\"125\" data-end=\"195\">Conforme a Emicode EC1 Plus, BREEM, AgBB e Indoor Air Comfort<\/li>\n<li data-start=\"125\" data-end=\"195\">Facile applicazione in verticale \u2013 fino a 300 g\/m\u00b2 in una sola mano<\/li>\n<li data-start=\"125\" data-end=\"195\">Priva di alogeni,<a href=\"https:\/\/www.aithon.it\/en\/melammina-e-cancerogeno-di-categoria-2\/\"> <span style=\"text-decoration: underline;\">melammina<\/span><\/a> e sostanze CMR \u2013 completamente priva di sostanze pericolose<\/li>\n<\/ul>\n<p>&nbsp;<\/p>\n<p><div class=\"vlp-link-container vlp-layout-basic\"><a href=\"https:\/\/www.aithon.it\/en\/schede-tecniche\/\" class=\"vlp-link\" title=\"Schede tecniche dei prodotti\"><\/a><\/p>\n<div class=\"vlp-layout-zone-side\">\n<div class=\"vlp-block-2 vlp-link-image\"><img loading=\"lazy\" decoding=\"async\" style=\"max-width: 150px;\" width=\"150\" height=\"116\" src=\"https:\/\/www.aithon.it\/wp-content\/uploads\/2025\/06\/Immagine-data-sheets-1-1.jpg\" class=\"attachment-150x999 size-150x999\" alt=\"\" srcset=\"https:\/\/www.aithon.it\/wp-content\/uploads\/2025\/06\/Immagine-data-sheets-1-1.jpg 784w, https:\/\/www.aithon.it\/wp-content\/uploads\/2025\/06\/Immagine-data-sheets-1-1-600x465.jpg 600w, https:\/\/www.aithon.it\/wp-content\/uploads\/2025\/06\/Immagine-data-sheets-1-1-64x50.jpg 64w, https:\/\/www.aithon.it\/wp-content\/uploads\/2025\/06\/Immagine-data-sheets-1-1-300x233.jpg 300w, https:\/\/www.aithon.it\/wp-content\/uploads\/2025\/06\/Immagine-data-sheets-1-1-768x596.jpg 768w\" sizes=\"auto, 100vw\" \/><\/div>\n<\/div>\n<div class=\"vlp-layout-zone-main\">\n<div class=\"vlp-block-0 vlp-link-title\">Schede tecniche dei prodotti<\/div>\n<div class=\"vlp-block-1 vlp-link-summary\">Clicca qui per scaricare le schede tecniche dei nostri prodotti<\/div>\n<\/div>\n<\/div>\n<\/div>\n<\/div><\/div><\/div><\/div><\/div><\/div>","protected":false},"excerpt":{"rendered":"<p>X-LAM, noto come Cross\u2011Laminated Timber \u00a0(CLT), \u00e8 un innovativo pannello in legno ingegnerizzato, composto da pi\u00f9 strati di tavole sovrapposte in modo incrociato e incollate con adesivi strutturali. Questa configurazione conferisce al CLT un\u2019elevata resistenza, stabilit\u00e0 e rigidit\u00e0, rendendolo ideale per pareti portanti, solai e coperture. Apprezzato per la sua sostenibilit\u00e0, leggerezza e ottime prestazioni &hellip; <\/p>\n<p class=\"link-more\"><a href=\"https:\/\/www.aithon.it\/en\/legno-lamellare-e-xlam-clt\/\" class=\"more-link\">Continue reading<span class=\"screen-reader-text\"> &#8220;Legno Lamellare e X-LAM (CLT)&#8221;<\/span><\/a><\/p>","protected":false},"author":12,"featured_media":3427,"parent":0,"menu_order":0,"comment_status":"closed","ping_status":"closed","template":"","meta":{"footnotes":""},"class_list":["post-4339","page","type-page","status-publish","has-post-thumbnail","hentry"],"yoast_head":"<!-- This site is optimized with the Yoast SEO Premium plugin v23.1 (Yoast SEO v27.0) - https:\/\/yoast.com\/product\/yoast-seo-premium-wordpress\/ -->\n<title>Pitture intumescenti per legno - Legno Lamellare e X-LAM (CLT)<\/title>\n<meta name=\"description\" content=\"Vernici trasparenti B-s1-d0 su CLT, resistenza al fuoco R60 su legno lamellare. Soluzioni ecologiche conformi alla Tassonomia Europea.\" \/>\n<meta name=\"robots\" content=\"index, follow, max-snippet:-1, max-image-preview:large, max-video-preview:-1\" \/>\n<link rel=\"canonical\" href=\"https:\/\/www.aithon.it\/en\/legno-lamellare-e-xlam-clt\/\" \/>\n<meta property=\"og:locale\" content=\"en_GB\" \/>\n<meta property=\"og:type\" content=\"article\" \/>\n<meta property=\"og:title\" content=\"Legno Lamellare e X-LAM (CLT)\" \/>\n<meta property=\"og:description\" content=\"Vernici trasparenti B-s1-d0 su CLT, resistenza al fuoco R60 su legno lamellare. Soluzioni ecologiche conformi alla Tassonomia Europea.\" \/>\n<meta property=\"og:url\" content=\"https:\/\/www.aithon.it\/en\/legno-lamellare-e-xlam-clt\/\" \/>\n<meta property=\"og:site_name\" content=\"AITHON\" \/>\n<meta property=\"article:modified_time\" content=\"2025-12-17T14:07:21+00:00\" \/>\n<meta property=\"og:image\" content=\"https:\/\/www.aithon.it\/wp-content\/uploads\/2024\/05\/CLT-3733-cut-scaled.jpg\" \/>\n\t<meta property=\"og:image:width\" content=\"2560\" \/>\n\t<meta property=\"og:image:height\" content=\"753\" \/>\n\t<meta property=\"og:image:type\" content=\"image\/jpeg\" \/>\n<meta name=\"twitter:card\" content=\"summary_large_image\" \/>\n<meta name=\"twitter:label1\" content=\"Estimated reading time\" \/>\n\t<meta name=\"twitter:data1\" content=\"3 minutes\" \/>\n<script type=\"application\/ld+json\" class=\"yoast-schema-graph\">{\"@context\":\"https:\/\/schema.org\",\"@graph\":[{\"@type\":\"WebPage\",\"@id\":\"https:\/\/www.aithon.it\/legno-lamellare-e-xlam-clt\/\",\"url\":\"https:\/\/www.aithon.it\/legno-lamellare-e-xlam-clt\/\",\"name\":\"Pitture intumescenti per legno - Legno Lamellare e X-LAM (CLT)\",\"isPartOf\":{\"@id\":\"https:\/\/www.aithon.it\/#website\"},\"primaryImageOfPage\":{\"@id\":\"https:\/\/www.aithon.it\/legno-lamellare-e-xlam-clt\/#primaryimage\"},\"image\":{\"@id\":\"https:\/\/www.aithon.it\/legno-lamellare-e-xlam-clt\/#primaryimage\"},\"thumbnailUrl\":\"https:\/\/www.aithon.it\/wp-content\/uploads\/2024\/05\/CLT-3733-cut-scaled.jpg\",\"datePublished\":\"2023-10-18T15:08:55+00:00\",\"dateModified\":\"2025-12-17T14:07:21+00:00\",\"description\":\"Vernici trasparenti B-s1-d0 su CLT, resistenza al fuoco R60 su legno lamellare. Soluzioni ecologiche conformi alla Tassonomia Europea.\",\"breadcrumb\":{\"@id\":\"https:\/\/www.aithon.it\/legno-lamellare-e-xlam-clt\/#breadcrumb\"},\"inLanguage\":\"en-GB\",\"potentialAction\":[{\"@type\":\"ReadAction\",\"target\":[\"https:\/\/www.aithon.it\/legno-lamellare-e-xlam-clt\/\"]}]},{\"@type\":\"ImageObject\",\"inLanguage\":\"en-GB\",\"@id\":\"https:\/\/www.aithon.it\/legno-lamellare-e-xlam-clt\/#primaryimage\",\"url\":\"https:\/\/www.aithon.it\/wp-content\/uploads\/2024\/05\/CLT-3733-cut-scaled.jpg\",\"contentUrl\":\"https:\/\/www.aithon.it\/wp-content\/uploads\/2024\/05\/CLT-3733-cut-scaled.jpg\",\"width\":2560,\"height\":753,\"caption\":\"CLT wood panel\"},{\"@type\":\"BreadcrumbList\",\"@id\":\"https:\/\/www.aithon.it\/legno-lamellare-e-xlam-clt\/#breadcrumb\",\"itemListElement\":[{\"@type\":\"ListItem\",\"position\":1,\"name\":\"Home\",\"item\":\"https:\/\/www.aithon.it\/\"},{\"@type\":\"ListItem\",\"position\":2,\"name\":\"Legno Lamellare e X-LAM (CLT)\"}]},{\"@type\":\"WebSite\",\"@id\":\"https:\/\/www.aithon.it\/#website\",\"url\":\"https:\/\/www.aithon.it\/\",\"name\":\"Aithon Ricerche International\",\"description\":\"Protezione dal fuoco di legno e calcestruzzo\",\"publisher\":{\"@id\":\"https:\/\/www.aithon.it\/#organization\"},\"potentialAction\":[{\"@type\":\"SearchAction\",\"target\":{\"@type\":\"EntryPoint\",\"urlTemplate\":\"https:\/\/www.aithon.it\/?s={search_term_string}\"},\"query-input\":{\"@type\":\"PropertyValueSpecification\",\"valueRequired\":true,\"valueName\":\"search_term_string\"}}],\"inLanguage\":\"en-GB\"},{\"@type\":\"Organization\",\"@id\":\"https:\/\/www.aithon.it\/#organization\",\"name\":\"Aithon Ricerche International\",\"url\":\"https:\/\/www.aithon.it\/\",\"logo\":{\"@type\":\"ImageObject\",\"inLanguage\":\"en-GB\",\"@id\":\"https:\/\/www.aithon.it\/#\/schema\/logo\/image\/\",\"url\":\"https:\/\/www.aithon.it\/wp-content\/uploads\/2023\/10\/cropped-aithon-logo-no-slogan-new.png\",\"contentUrl\":\"https:\/\/www.aithon.it\/wp-content\/uploads\/2023\/10\/cropped-aithon-logo-no-slogan-new.png\",\"width\":1070,\"height\":250,\"caption\":\"Aithon Ricerche International\"},\"image\":{\"@id\":\"https:\/\/www.aithon.it\/#\/schema\/logo\/image\/\"},\"sameAs\":[\"https:\/\/www.youtube.com\/@aithonricercheinternationa5097\"]}]}<\/script>\n<!-- \/ Yoast SEO Premium plugin. -->","yoast_head_json":{"title":"Pitture intumescenti per legno - Legno Lamellare e X-LAM (CLT)","description":"Vernici trasparenti B-s1-d0 su CLT, resistenza al fuoco R60 su legno lamellare. Soluzioni ecologiche conformi alla Tassonomia Europea.","robots":{"index":"index","follow":"follow","max-snippet":"max-snippet:-1","max-image-preview":"max-image-preview:large","max-video-preview":"max-video-preview:-1"},"canonical":"https:\/\/www.aithon.it\/en\/legno-lamellare-e-xlam-clt\/","og_locale":"en_GB","og_type":"article","og_title":"Legno Lamellare e X-LAM (CLT)","og_description":"Vernici trasparenti B-s1-d0 su CLT, resistenza al fuoco R60 su legno lamellare. Soluzioni ecologiche conformi alla Tassonomia Europea.","og_url":"https:\/\/www.aithon.it\/en\/legno-lamellare-e-xlam-clt\/","og_site_name":"AITHON","article_modified_time":"2025-12-17T14:07:21+00:00","og_image":[{"width":2560,"height":753,"url":"https:\/\/www.aithon.it\/wp-content\/uploads\/2024\/05\/CLT-3733-cut-scaled.jpg","type":"image\/jpeg"}],"twitter_card":"summary_large_image","twitter_misc":{"Estimated reading time":"3 minutes"},"schema":{"@context":"https:\/\/schema.org","@graph":[{"@type":"WebPage","@id":"https:\/\/www.aithon.it\/legno-lamellare-e-xlam-clt\/","url":"https:\/\/www.aithon.it\/legno-lamellare-e-xlam-clt\/","name":"Pitture intumescenti per legno - Legno Lamellare e X-LAM (CLT)","isPartOf":{"@id":"https:\/\/www.aithon.it\/#website"},"primaryImageOfPage":{"@id":"https:\/\/www.aithon.it\/legno-lamellare-e-xlam-clt\/#primaryimage"},"image":{"@id":"https:\/\/www.aithon.it\/legno-lamellare-e-xlam-clt\/#primaryimage"},"thumbnailUrl":"https:\/\/www.aithon.it\/wp-content\/uploads\/2024\/05\/CLT-3733-cut-scaled.jpg","datePublished":"2023-10-18T15:08:55+00:00","dateModified":"2025-12-17T14:07:21+00:00","description":"Vernici trasparenti B-s1-d0 su CLT, resistenza al fuoco R60 su legno lamellare. Soluzioni ecologiche conformi alla Tassonomia Europea.","breadcrumb":{"@id":"https:\/\/www.aithon.it\/legno-lamellare-e-xlam-clt\/#breadcrumb"},"inLanguage":"en-GB","potentialAction":[{"@type":"ReadAction","target":["https:\/\/www.aithon.it\/legno-lamellare-e-xlam-clt\/"]}]},{"@type":"ImageObject","inLanguage":"en-GB","@id":"https:\/\/www.aithon.it\/legno-lamellare-e-xlam-clt\/#primaryimage","url":"https:\/\/www.aithon.it\/wp-content\/uploads\/2024\/05\/CLT-3733-cut-scaled.jpg","contentUrl":"https:\/\/www.aithon.it\/wp-content\/uploads\/2024\/05\/CLT-3733-cut-scaled.jpg","width":2560,"height":753,"caption":"CLT wood panel"},{"@type":"BreadcrumbList","@id":"https:\/\/www.aithon.it\/legno-lamellare-e-xlam-clt\/#breadcrumb","itemListElement":[{"@type":"ListItem","position":1,"name":"Home","item":"https:\/\/www.aithon.it\/"},{"@type":"ListItem","position":2,"name":"Legno Lamellare e X-LAM (CLT)"}]},{"@type":"WebSite","@id":"https:\/\/www.aithon.it\/#website","url":"https:\/\/www.aithon.it\/","name":"Aithon Ricerche International","description":"Protezione dal fuoco di legno e calcestruzzo","publisher":{"@id":"https:\/\/www.aithon.it\/#organization"},"potentialAction":[{"@type":"SearchAction","target":{"@type":"EntryPoint","urlTemplate":"https:\/\/www.aithon.it\/?s={search_term_string}"},"query-input":{"@type":"PropertyValueSpecification","valueRequired":true,"valueName":"search_term_string"}}],"inLanguage":"en-GB"},{"@type":"Organization","@id":"https:\/\/www.aithon.it\/#organization","name":"Aithon Ricerche International","url":"https:\/\/www.aithon.it\/","logo":{"@type":"ImageObject","inLanguage":"en-GB","@id":"https:\/\/www.aithon.it\/#\/schema\/logo\/image\/","url":"https:\/\/www.aithon.it\/wp-content\/uploads\/2023\/10\/cropped-aithon-logo-no-slogan-new.png","contentUrl":"https:\/\/www.aithon.it\/wp-content\/uploads\/2023\/10\/cropped-aithon-logo-no-slogan-new.png","width":1070,"height":250,"caption":"Aithon Ricerche International"},"image":{"@id":"https:\/\/www.aithon.it\/#\/schema\/logo\/image\/"},"sameAs":["https:\/\/www.youtube.com\/@aithonricercheinternationa5097"]}]}},"_links":{"self":[{"href":"https:\/\/www.aithon.it\/en\/wp-json\/wp\/v2\/pages\/4339","targetHints":{"allow":["GET"]}}],"collection":[{"href":"https:\/\/www.aithon.it\/en\/wp-json\/wp\/v2\/pages"}],"about":[{"href":"https:\/\/www.aithon.it\/en\/wp-json\/wp\/v2\/types\/page"}],"author":[{"embeddable":true,"href":"https:\/\/www.aithon.it\/en\/wp-json\/wp\/v2\/users\/12"}],"replies":[{"embeddable":true,"href":"https:\/\/www.aithon.it\/en\/wp-json\/wp\/v2\/comments?post=4339"}],"version-history":[{"count":38,"href":"https:\/\/www.aithon.it\/en\/wp-json\/wp\/v2\/pages\/4339\/revisions"}],"predecessor-version":[{"id":4343,"href":"https:\/\/www.aithon.it\/en\/wp-json\/wp\/v2\/pages\/4339\/revisions\/4343"}],"wp:featuredmedia":[{"embeddable":true,"href":"https:\/\/www.aithon.it\/en\/wp-json\/wp\/v2\/media\/3427"}],"wp:attachment":[{"href":"https:\/\/www.aithon.it\/en\/wp-json\/wp\/v2\/media?parent=4339"}],"curies":[{"name":"wp","href":"https:\/\/api.w.org\/{rel}","templated":true}]}}